{"id":386,"date":"2021-09-28T18:37:53","date_gmt":"2021-09-28T18:37:53","guid":{"rendered":"http:\/\/perlepaints.com\/?page_id=386"},"modified":"2021-10-08T08:43:52","modified_gmt":"2021-10-08T08:43:52","slug":"privacy-policy","status":"publish","type":"page","link":"https:\/\/perlepaints.com\/de\/privacy-policy\/","title":{"rendered":"Datenschutz"},"content":{"rendered":"<div data-elementor-type=\"wp-page\" data-elementor-id=\"386\" class=\"elementor elementor-386\" data-elementor-post-type=\"page\">\n\t\t\t\t\t\t<section class=\"has_eae_slider elementor-section elementor-top-section elementor-element elementor-element-216ed17 elementor-section-full_width elementor-section-stretched elementor-section-height-default elementor-section-height-default\" data-eae-slider=\"46856\" data-id=\"216ed17\" data-element_type=\"section\" data-e-type=\"section\" data-settings=\"{&quot;stretch_section&quot;:&quot;section-stretched&quot;}\">\n\t\t\t\t\t\t<div class=\"elementor-container elementor-column-gap-default\">\n\t\t\t\t\t<div class=\"has_eae_slider elementor-column elementor-col-100 elementor-top-column elementor-element elementor-element-f35f676\" data-eae-slider=\"25765\" data-id=\"f35f676\" data-element_type=\"column\" data-e-type=\"column\">\n\t\t\t<div class=\"elementor-widget-wrap elementor-element-populated\">\n\t\t\t\t\t\t<div class=\"elementor-element elementor-element-5859c48 elementor-widget elementor-widget-heading\" data-id=\"5859c48\" data-element_type=\"widget\" data-e-type=\"widget\" data-widget_type=\"heading.default\">\n\t\t\t\t<div class=\"elementor-widget-container\">\n\t\t\t\t\t<h2 class=\"elementor-heading-title elementor-size-default\">Datenschutz<\/h2>\t\t\t\t<\/div>\n\t\t\t\t<\/div>\n\t\t\t\t<div class=\"elementor-element elementor-element-127e22b elementor-widget elementor-widget-text-editor\" data-id=\"127e22b\" data-element_type=\"widget\" data-e-type=\"widget\" data-widget_type=\"text-editor.default\">\n\t\t\t\t<div class=\"elementor-widget-container\">\n\t\t\t\t\t\t\t\t\t<p><b>Datenschutzerkl\u00e4rung<\/b><\/p><p>Verantwortliche Stelle im Sinne der Datenschutzgesetze, insbesondere der EU-Datenschutzgrundverordnung (DSGVO), ist:<\/p><p>Perle Paints<br \/>Helena Mannion<br \/>4142 M\u00fcnchenstein<\/p>\t\t\t\t\t\t\t\t<\/div>\n\t\t\t\t<\/div>\n\t\t\t\t<div class=\"elementor-element elementor-element-fe6f629 elementor-widget elementor-widget-text-editor\" data-id=\"fe6f629\" data-element_type=\"widget\" data-e-type=\"widget\" data-widget_type=\"text-editor.default\">\n\t\t\t\t<div class=\"elementor-widget-container\">\n\t\t\t\t\t\t\t\t\t<p><b>Allgemeiner Hinweis<\/b><\/p><p>Gest\u00fctzt auf Artikel 13 der schweizerischen Bundesverfassung und den datenschutzrechtlichen Bestimmungen des Bundes (Datenschutzgesetz, DSG) hat jede Person Anspruch auf Schutz ihrer Privatsph\u00e4re sowie auf Schutz vor Missbrauch ihrer pers\u00f6nlichen Daten. Die Betreiber dieser Seiten nehmen den Schutz Ihrer pers\u00f6nlichen Daten sehr ernst. Wir behandeln Ihre personenbezogenen Daten vertraulich und entsprechend der gesetzlichen Datenschutzvorschriften sowie dieser Datenschutzerkl\u00e4rung.<\/p><p>In Zusammenarbeit mit unseren Hosting-Providern bem\u00fchen wir uns, die Datenbanken so gut wie m\u00f6glich vor fremden Zugriffen, Verlusten, Missbrauch oder vor F\u00e4lschung zu sch\u00fctzen.<\/p><p>Wir weisen darauf hin, dass die Daten\u00fcbertragung im Internet (z.B. bei der Kommunikation per E-Mail) Sicherheitsl\u00fccken aufweisen kann. Ein l\u00fcckenloser Schutz der Daten vor dem Zugriff durch Dritte ist nicht m\u00f6glich.<\/p><p>Durch die Nutzung dieser Website erkl\u00e4ren Sie sich mit der Erhebung, Verarbeitung und Nutzung von Daten gem\u00e4ss der nachfolgenden Beschreibung einverstanden. Diese Website kann grunds\u00e4tzlich ohne Registrierung besucht werden. Dabei werden Daten wie beispielsweise aufgerufene Seiten bzw. Namen der abgerufenen Datei, Datum und Uhrzeit zu statistischen Zwecken auf dem Server gespeichert, ohne dass diese Daten unmittelbar auf Ihre Person bezogen werden. Personenbezogene Daten, insbesondere Name, Adresse oder E-Mail-Adresse werden soweit m\u00f6glich auf freiwilliger Basis erhoben. Ohne Ihre Einwilligung erfolgt keine Weitergabe der Daten an Dritte.<\/p>\t\t\t\t\t\t\t\t<\/div>\n\t\t\t\t<\/div>\n\t\t\t\t<div class=\"elementor-element elementor-element-c689eed elementor-widget elementor-widget-text-editor\" data-id=\"c689eed\" data-element_type=\"widget\" data-e-type=\"widget\" data-widget_type=\"text-editor.default\">\n\t\t\t\t<div class=\"elementor-widget-container\">\n\t\t\t\t\t\t\t\t\t<p><b>Bearbeitung von Personendaten<\/b><\/p><p>Personendaten sind alle Angaben, die sich auf eine bestimmte oder bestimmbare Person beziehen. Eine betroffene Person ist eine Person, \u00fcber die Personendaten bearbeitet werden. Bearbeiten umfasst jeden Umgang mit Personendaten, unabh\u00e4ngig von den angewandten Mitteln und Verfahren, insbesondere das Aufbewahren, Bekanntgeben, Beschaffen, L\u00f6schen, Speichern, Ver\u00e4ndern, Vernichten und Verwenden von Personendaten.<\/p><p>Wir bearbeiten Personendaten im Einklang mit dem schweizerischen Datenschutzrecht. Im \u00dcbrigen bearbeiten wir \u2013 soweit und sofern die EU-DSGVO anwendbar ist \u2013 Personendaten gem\u00e4ss folgenden Rechtsgrundlagen im Zusammenhang mit Art. 6 Abs. 1 DSGVO:<\/p><ul><li>lit. a) Bearbeitung von Personendaten mit Einwilligung der betroffenen Person.<\/li><li>lit. b) Bearbeitung von Personendaten zur Erf\u00fcllung eines Vertrages mit der betroffenen Person sowie zur Durchf\u00fchrung entsprechender vorvertraglicher Massnahmen.<\/li><li>lit. c) Bearbeitung von Personendaten zur Erf\u00fcllung einer rechtlichen Verpflichtung, der wir gem\u00e4ss allenfalls anwendbarem Recht der EU oder gem\u00e4ss allenfalls anwendbarem Recht eines Landes, in dem die DSGVO ganz oder teilweise anwendbar ist, unterliegen.<\/li><li>lit. d) Bearbeitung von Personendaten um lebenswichtige Interessen der betroffenen Person oder einer anderen nat\u00fcrlichen Person zu sch\u00fctzen.<\/li><li>lit. f) Bearbeitung von Personendaten um die berechtigten Interessen von uns oder von Dritten zu wahren, sofern nicht die Grundfreiheiten und Grundrechte sowie Interessen der betroffenen Person \u00fcberwiegen. Berechtigte Interessen sind insbesondere unser betriebswirtschaftliches Interesse, unsere Website bereitstellen zu k\u00f6nnen, die Informationssicherheit, die Durchsetzung von eigenen rechtlichen Anspr\u00fcchen und die Einhaltung von schweizerischem Recht.<\/li><\/ul><p>Wir bearbeiten Personendaten f\u00fcr jene Dauer, die f\u00fcr den jeweiligen Zweck oder die jeweiligen Zwecke erforderlich ist. Bei l\u00e4nger dauernden Aufbewahrungspflichten aufgrund von gesetzlichen und sonstigen Pflichten, denen wir unterliegen, schr\u00e4nken wir die Bearbeitung entsprechend ein.<\/p>\t\t\t\t\t\t\t\t<\/div>\n\t\t\t\t<\/div>\n\t\t\t\t<div class=\"elementor-element elementor-element-b5260d3 elementor-widget elementor-widget-text-editor\" data-id=\"b5260d3\" data-element_type=\"widget\" data-e-type=\"widget\" data-widget_type=\"text-editor.default\">\n\t\t\t\t<div class=\"elementor-widget-container\">\n\t\t\t\t\t\t\t\t\t<p><b>Datenschutzerkl\u00e4rung f\u00fcr SSL-\/TLS-Verschl\u00fcsselung<\/b><\/p><p>Diese Website nutzt aus Gr\u00fcnden der Sicherheit und zum Schutz der \u00dcbertragung vertraulicher Inhalte, wie zum Beispiel der Anfragen, die Sie an uns als Seitenbetreiber senden, eine SSL-\/TLS-Verschl\u00fcsselung. Eine verschl\u00fcsselte Verbindung erkennen Sie daran, dass die Adresszeile des Browsers von \"http:\/\/\" auf \"https:\/\/\" wechselt und an dem Schloss-Symbol in Ihrer Browserzeile.<\/p><p>Wenn die SSL bzw. TLS Verschl\u00fcsselung aktiviert ist, k\u00f6nnen die Daten, die Sie an uns \u00fcbermitteln, nicht von Dritten mitgelesen werden.<\/p>\t\t\t\t\t\t\t\t<\/div>\n\t\t\t\t<\/div>\n\t\t\t\t<div class=\"elementor-element elementor-element-d401b6e elementor-widget elementor-widget-text-editor\" data-id=\"d401b6e\" data-element_type=\"widget\" data-e-type=\"widget\" data-widget_type=\"text-editor.default\">\n\t\t\t\t<div class=\"elementor-widget-container\">\n\t\t\t\t\t\t\t\t\t<p><b>Datenschutzerkl\u00e4rung f\u00fcr Cookies<\/b><\/p><p>Diese Website verwendet Cookies. Das sind kleine Textdateien, die es m\u00f6glich machen, auf dem Endger\u00e4t des Nutzers spezifische, auf den Nutzer bezogene Informationen zu speichern, w\u00e4hrend er die Website nutzt. Cookies erm\u00f6glichen es, insbesondere Nutzungsh\u00e4ufigkeit und Nutzeranzahl der Seiten zu ermitteln, Verhaltensweisen der Seitennutzung zu analysieren, aber auch unser Angebot kundenfreundlicher zu gestalten. Cookies bleiben \u00fcber das Ende einer Browser-Sitzung gespeichert und k\u00f6nnen bei einem erneuten Seitenbesuch wieder aufgerufen werden. Wenn Sie das nicht w\u00fcnschen, sollten Sie Ihren Internetbrowser so einstellen, dass er die Annahme von Cookies verweigert.<\/p><p>Ein genereller Widerspruch gegen den Einsatz der zu Zwecken des Onlinemarketing eingesetzten Cookies kann bei einer Vielzahl der Dienste, vor allem im Fall des Trackings, \u00fcber die US-amerikanische Seite http:\/\/www.aboutads.info\/choices\/oder die EU-Seite http:\/\/www.youronlinechoices.com\/ erkl\u00e4rt werden. Des Weiteren kann die Speicherung von Cookies mittels deren Abschaltung in den Einstellungen des Browsers erreicht werden. Bitte beachten Sie, dass dann gegebenenfalls nicht alle Funktionen dieses Onlineangebotes genutzt werden k\u00f6nnen.<\/p>\t\t\t\t\t\t\t\t<\/div>\n\t\t\t\t<\/div>\n\t\t\t\t<div class=\"elementor-element elementor-element-e1c6d2d elementor-widget elementor-widget-text-editor\" data-id=\"e1c6d2d\" data-element_type=\"widget\" data-e-type=\"widget\" data-widget_type=\"text-editor.default\">\n\t\t\t\t<div class=\"elementor-widget-container\">\n\t\t\t\t\t\t\t\t\t<p><b>Datenschutzerkl\u00e4rung f\u00fcr Kontaktformular<\/b><\/p><p>Wenn Sie uns per Kontaktformular Anfragen zukommen lassen, werden Ihre Angaben aus dem Anfrageformular inklusive der von Ihnen dort angegebenen Kontaktdaten zwecks Bearbeitung der Anfrage und f\u00fcr den Fall von Anschlussfragen bei uns gespeichert. Diese Daten geben wir nicht ohne Ihre Einwilligung weiter.<\/p>\t\t\t\t\t\t\t\t<\/div>\n\t\t\t\t<\/div>\n\t\t\t\t<div class=\"elementor-element elementor-element-2cd6343 elementor-widget elementor-widget-text-editor\" data-id=\"2cd6343\" data-element_type=\"widget\" data-e-type=\"widget\" data-widget_type=\"text-editor.default\">\n\t\t\t\t<div class=\"elementor-widget-container\">\n\t\t\t\t\t\t\t\t\t<p><b>Verwendung von Google Maps<\/b><\/p><p>Diese Website nutzt das Angebot von Google Maps. Dadurch k\u00f6nnen wir Ihnen interaktive Karten direkt in der Website anzeigen und erm\u00f6glichen Ihnen die komfortable Nutzung der Karten-Funktion. Durch den Besuch auf der Website erh\u00e4lt Google die Information, dass Sie die entsprechende Unterseite unserer Website aufgerufen haben. Dies erfolgt unabh\u00e4ngig davon, ob Google ein Nutzerkonto bereitstellt, \u00fcber das Sie eingeloggt sind, oder ob kein Nutzerkonto besteht. Wenn Sie bei Google eingeloggt sind, werden Ihre Daten direkt Ihrem Konto zugeordnet. Wenn Sie die Zuordnung mit Ihrem Profil bei Google nicht w\u00fcnschen, m\u00fcssen Sie sich vor Aktivierung des Buttons ausloggen. Google speichert Ihre Daten als Nutzungsprofile und nutzt sie f\u00fcr Zwecke der Werbung, Marktforschung und\/oder bedarfsgerechten Gestaltung seiner Website. Eine solche Auswertung erfolgt insbesondere (selbst f\u00fcr nicht eingeloggte Nutzer) zur Erbringung von bedarfsgerechter Werbung und um andere Nutzer des sozialen Netzwerks \u00fcber Ihre Aktivit\u00e4ten auf unserer Website zu informieren. Ihnen steht ein Widerspruchsrecht zu gegen die Bildung dieser Nutzerprofile, wobei Sie sich zur Aus\u00fcbung dessen an Google richten m\u00fcssen. Weitere Informationen zu Zweck und Umfang der Datenerhebung und ihrer Verarbeitung durch Google erhalten Sie neben weiteren Informationen zu Ihren diesbez\u00fcglichen Rechten und Einstellungsm\u00f6glichkeiten zum Schutze Ihrer Privatsph\u00e4re unter: www.google.de\/intl\/de\/policies\/privacy.<\/p>\t\t\t\t\t\t\t\t<\/div>\n\t\t\t\t<\/div>\n\t\t\t\t<div class=\"elementor-element elementor-element-b880cf6 elementor-widget elementor-widget-text-editor\" data-id=\"b880cf6\" data-element_type=\"widget\" data-e-type=\"widget\" data-widget_type=\"text-editor.default\">\n\t\t\t\t<div class=\"elementor-widget-container\">\n\t\t\t\t\t\t\t\t\t<p><b>Verwendung von Google reCAPTCHA<\/b><\/p><p>Diese Website verwendet den Dienst reCAPTCHA der Google Ireland Limited (Gordon House, Barrow Street Dublin 4, Irland \u201eGoogle\u201c). Die Abfrage dient dem Zweck der Unterscheidung, ob die Eingabe durch einen Menschen oder durch automatisierte, maschinelle Verarbeitung erfolgt. Die Abfrage schliesst den Versand der IP-Adresse und ggf. weiterer von Google f\u00fcr den Dienst reCAPTCHA ben\u00f6tigter Daten an Google ein. Zu diesem Zweck wird Ihre Eingabe an Google \u00fcbermittelt und dort weiter verwendet. Ihre IP-Adresse wird von Google jedoch innerhalb von Mitgliedstaaten der Europ\u00e4ischen Union oder in anderen Vertragsstaaten des Abkommens \u00fcber den Europ\u00e4ischen Wirtschaftsraum zuvor gek\u00fcrzt. Nur in Ausnahmef\u00e4llen wird die volle IP-Adresse an einen Server von Google in den USA \u00fcbertragen und dort gek\u00fcrzt. Im Auftrag des Betreibers dieser Website wird Google diese Informationen benutzen, um Ihre Nutzung dieses Dienstes auszuwerten. Die im Rahmen von reCaptcha von Ihrem Browser \u00fcbermittelte IP-Adresse wird nicht mit anderen Daten von Google zusammengef\u00fchrt. Ihre Daten werden dabei gegebenenfalls auch in die USA \u00fcbermittelt. F\u00fcr Daten\u00fcbermittlungen in die USA ist ein Angemessenheitsbeschluss der Europ\u00e4ischen Kommission, das \"Privacy Shield\", vorhanden. Google nimmt am \"Privacy Shield\" teil und hat sich den Vorgaben unterworfen. Mit Bet\u00e4tigen der Abfrage willigen Sie in die Verarbeitung Ihrer Daten ein. Die Verarbeitung erfolgt auf Grundlage des Art. 6 (1) lit. a DSGVO mit Ihrer Einwilligung. Sie k\u00f6nnen Ihre Einwilligung jederzeit widerrufen, ohne dass die Rechtm\u00e4ssigkeit der aufgrund der Einwilligung bis zum Widerruf erfolgten Verarbeitung ber\u00fchrt wird.<\/p><p>N\u00e4here Informationen zu Google reCAPTCHA sowie die dazugeh\u00f6rige Datenschutzerkl\u00e4rung finden Sie unter: https:\/\/policies.google.com\/privacy?hl=de<\/p>\t\t\t\t\t\t\t\t<\/div>\n\t\t\t\t<\/div>\n\t\t\t\t<div class=\"elementor-element elementor-element-5a01a17 elementor-widget elementor-widget-text-editor\" data-id=\"5a01a17\" data-element_type=\"widget\" data-e-type=\"widget\" data-widget_type=\"text-editor.default\">\n\t\t\t\t<div class=\"elementor-widget-container\">\n\t\t\t\t\t\t\t\t\t<p><b>\u00c4nderungen<\/b><\/p><p>Wir k\u00f6nnen diese Datenschutzerkl\u00e4rung jederzeit ohne Vorank\u00fcndigung anpassen. Es gilt die jeweils aktuelle, auf unserer Website publizierte Fassung. Soweit die Datenschutzerkl\u00e4rung Teil einer Vereinbarung mit Ihnen ist, werden wir Sie im Falle einer Aktualisierung \u00fcber die \u00c4nderung per E-Mail oder auf andere geeignete Weise informieren.<\/p>\t\t\t\t\t\t\t\t<\/div>\n\t\t\t\t<\/div>\n\t\t\t\t<div class=\"elementor-element elementor-element-2cccb37 elementor-widget elementor-widget-text-editor\" data-id=\"2cccb37\" data-element_type=\"widget\" data-e-type=\"widget\" data-widget_type=\"text-editor.default\">\n\t\t\t\t<div class=\"elementor-widget-container\">\n\t\t\t\t\t\t\t\t\t<p><b>Fragen an den Datenschutzbeauftragten<\/b><\/p><p>Wenn Sie Fragen zum Datenschutz haben, schreiben Sie uns bitte eine E-Mail oder wenden Sie sich direkt an die f\u00fcr den Datenschutz zu Beginn der Datenschutzerkl\u00e4rung aufgef\u00fchrten, verantwortlichen Person in unserer Organisation.<\/p><p>Quelle: <a href=\"https:\/\/www.swissanwalt.ch\/\">SwissAnwalt<\/a><\/p>\t\t\t\t\t\t\t\t<\/div>\n\t\t\t\t<\/div>\n\t\t\t\t\t<\/div>\n\t\t<\/div>\n\t\t\t\t\t<\/div>\n\t\t<\/section>\n\t\t\t\t<\/div>","protected":false},"excerpt":{"rendered":"<p>Privacy Policy Privacy policy The responsible party in terms of data protection laws, in particular the EU General Data Protection Regulation (DSGVO), is: Perle PaintsHelena Mannion4142 M\u00fcnchenstein General notice Based on Article 13 of the Swiss Federal Constitution and the data protection regulations of the Swiss Confederation (Data Protection Act, DSG), every person has the [&hellip;]<\/p>\n","protected":false},"author":1,"featured_media":0,"parent":0,"menu_order":0,"comment_status":"closed","ping_status":"closed","template":"","meta":{"footnotes":""},"class_list":["post-386","page","type-page","status-publish","hentry","entry"],"_links":{"self":[{"href":"https:\/\/perlepaints.com\/de\/wp-json\/wp\/v2\/pages\/386","targetHints":{"allow":["GET"]}}],"collection":[{"href":"https:\/\/perlepaints.com\/de\/wp-json\/wp\/v2\/pages"}],"about":[{"href":"https:\/\/perlepaints.com\/de\/wp-json\/wp\/v2\/types\/page"}],"author":[{"embeddable":true,"href":"https:\/\/perlepaints.com\/de\/wp-json\/wp\/v2\/users\/1"}],"replies":[{"embeddable":true,"href":"https:\/\/perlepaints.com\/de\/wp-json\/wp\/v2\/comments?post=386"}],"version-history":[{"count":64,"href":"https:\/\/perlepaints.com\/de\/wp-json\/wp\/v2\/pages\/386\/revisions"}],"predecessor-version":[{"id":561,"href":"https:\/\/perlepaints.com\/de\/wp-json\/wp\/v2\/pages\/386\/revisions\/561"}],"wp:attachment":[{"href":"https:\/\/perlepaints.com\/de\/wp-json\/wp\/v2\/media?parent=386"}],"curies":[{"name":"wp","href":"https:\/\/api.w.org\/{rel}","templated":true}]}}